{"id":6735,"date":"2025-06-12T20:00:45","date_gmt":"2025-06-12T18:00:45","guid":{"rendered":"https:\/\/dilaboards.com\/product\/dila-kratka-majica\/"},"modified":"2025-06-12T20:00:45","modified_gmt":"2025-06-12T18:00:45","slug":"dila-kratka-majica","status":"publish","type":"product","link":"https:\/\/dilaboards.com\/hr\/proizvod\/dila-kratka-majica\/","title":{"rendered":"DILA kratka majica"},"content":{"rendered":"<p>Nova DILA kratka majica u\u010dinit \u0107e te 10% kulerskim dok vozi\u0161 svoju DILU.<\/p>\n<p>100% pamuk.<\/p>\n<p>Odaberi svoju veli\u010dinu i dodaj je u ko\u0161aricu!<\/p>\n","protected":false},"excerpt":{"rendered":"<p>Nova DILA kratka majica u\u010dinit \u0107e te 10% kulerskim dok vozi\u0161 svoju DILU. 100% pamuk. Odaberi svoju veli\u010dinu i dodaj je u ko\u0161aricu!<\/p>\n","protected":false},"featured_media":6720,"comment_status":"open","ping_status":"closed","template":"","meta":{"_gspb_post_css":""},"product_brand":[],"product_cat":[93],"product_tag":[],"class_list":{"0":"post-6735","1":"product","2":"type-product","3":"status-publish","4":"has-post-thumbnail","6":"product_cat-odjeca","8":"first","9":"instock","10":"shipping-taxable","11":"purchasable","12":"product-type-variable"},"_links":{"self":[{"href":"https:\/\/dilaboards.com\/hr\/wp-json\/wp\/v2\/product\/6735","targetHints":{"allow":["GET"]}}],"collection":[{"href":"https:\/\/dilaboards.com\/hr\/wp-json\/wp\/v2\/product"}],"about":[{"href":"https:\/\/dilaboards.com\/hr\/wp-json\/wp\/v2\/types\/product"}],"replies":[{"embeddable":true,"href":"https:\/\/dilaboards.com\/hr\/wp-json\/wp\/v2\/comments?post=6735"}],"wp:featuredmedia":[{"embeddable":true,"href":"https:\/\/dilaboards.com\/hr\/wp-json\/wp\/v2\/media\/6720"}],"wp:attachment":[{"href":"https:\/\/dilaboards.com\/hr\/wp-json\/wp\/v2\/media?parent=6735"}],"wp:term":[{"taxonomy":"product_brand","embeddable":true,"href":"https:\/\/dilaboards.com\/hr\/wp-json\/wp\/v2\/product_brand?post=6735"},{"taxonomy":"product_cat","embeddable":true,"href":"https:\/\/dilaboards.com\/hr\/wp-json\/wp\/v2\/product_cat?post=6735"},{"taxonomy":"product_tag","embeddable":true,"href":"https:\/\/dilaboards.com\/hr\/wp-json\/wp\/v2\/product_tag?post=6735"}],"curies":[{"name":"wp","href":"https:\/\/api.w.org\/{rel}","templated":true}]}}