{"id":6532,"date":"2025-04-20T12:35:09","date_gmt":"2025-04-20T10:35:09","guid":{"rendered":"https:\/\/dilaboards.com\/product\/daljinac\/"},"modified":"2025-06-12T19:20:44","modified_gmt":"2025-06-12T17:20:44","slug":"daljinac","status":"publish","type":"product","link":"https:\/\/dilaboards.com\/hr\/proizvod\/daljinac\/","title":{"rendered":"Daljinac Pro"},"content":{"rendered":"<p>Novi DILA Pro daljinac ako se prethodni o\u0161tetio. Pove\u017ei ga sa svojom DILA Pro ili DILA Off i vozi bez brige. Za sigurnost \u2013 pro\u010ditaj vi\u0161e o sigurnom kori\u0161tenju svoje DILE u odjeljku <a href=\"https:\/\/dilaboards.com\/hr\/sigurnost\/\">SIGURNOST<\/a>.  <\/p>\n<p>DILA. NOSI KACIGU.<\/p>\n","protected":false},"excerpt":{"rendered":"<p>Novi DILA Pro daljinac ako se prethodni o\u0161tetio. Pove\u017ei ga sa svojom DILA Pro ili DILA Off i vozi bez brige. Za sigurnost \u2013 pro\u010ditaj vi\u0161e o sigurnom kori\u0161tenju svoje DILE u odjeljku SIGURNOST. DILA. NOSI KACIGU.<\/p>\n","protected":false},"featured_media":6518,"comment_status":"open","ping_status":"closed","template":"","meta":{"_gspb_post_css":""},"product_brand":[],"product_cat":[86],"product_tag":[],"class_list":{"0":"post-6532","1":"product","2":"type-product","3":"status-publish","4":"has-post-thumbnail","6":"product_cat-rezervni-dijelovi","8":"first","9":"instock","10":"shipping-taxable","11":"purchasable","12":"product-type-simple"},"_links":{"self":[{"href":"https:\/\/dilaboards.com\/hr\/wp-json\/wp\/v2\/product\/6532","targetHints":{"allow":["GET"]}}],"collection":[{"href":"https:\/\/dilaboards.com\/hr\/wp-json\/wp\/v2\/product"}],"about":[{"href":"https:\/\/dilaboards.com\/hr\/wp-json\/wp\/v2\/types\/product"}],"replies":[{"embeddable":true,"href":"https:\/\/dilaboards.com\/hr\/wp-json\/wp\/v2\/comments?post=6532"}],"wp:featuredmedia":[{"embeddable":true,"href":"https:\/\/dilaboards.com\/hr\/wp-json\/wp\/v2\/media\/6518"}],"wp:attachment":[{"href":"https:\/\/dilaboards.com\/hr\/wp-json\/wp\/v2\/media?parent=6532"}],"wp:term":[{"taxonomy":"product_brand","embeddable":true,"href":"https:\/\/dilaboards.com\/hr\/wp-json\/wp\/v2\/product_brand?post=6532"},{"taxonomy":"product_cat","embeddable":true,"href":"https:\/\/dilaboards.com\/hr\/wp-json\/wp\/v2\/product_cat?post=6532"},{"taxonomy":"product_tag","embeddable":true,"href":"https:\/\/dilaboards.com\/hr\/wp-json\/wp\/v2\/product_tag?post=6532"}],"curies":[{"name":"wp","href":"https:\/\/api.w.org\/{rel}","templated":true}]}}