{"id":6494,"date":"2025-04-20T11:33:13","date_gmt":"2025-04-20T09:33:13","guid":{"rendered":"https:\/\/dilaboards.com\/product\/kaciga\/"},"modified":"2025-04-20T11:33:13","modified_gmt":"2025-04-20T09:33:13","slug":"kaciga","status":"publish","type":"product","link":"https:\/\/dilaboards.com\/hr\/proizvod\/kaciga\/","title":{"rendered":"Kaciga"},"content":{"rendered":"<p>Nova DILA kaciga za\u0161titit \u0107e tvoju glavu od mogu\u0107ih udaraca. Brini o svojoj sigurnosti i pro\u010ditaj vi\u0161e o sigurnoj upotrebi svoje DILE na kartici &#8220;<a href=\"http:\/\/dilaboards.com\/varnost\">SIGURNOST<\/a>&#8220;. <\/p>\n<p>DILA. NOSI KACIGU.<\/p>\n","protected":false},"excerpt":{"rendered":"<p>Nova DILA kaciga za\u0161titit \u0107e tvoju glavu od mogu\u0107ih udaraca. Brini o svojoj sigurnosti i pro\u010ditaj vi\u0161e o sigurnoj upotrebi svoje DILE na kartici &#8220;SIGURNOST&#8220;. DILA. NOSI KACIGU.<\/p>\n","protected":false},"featured_media":6495,"comment_status":"open","ping_status":"closed","template":"","meta":{"_gspb_post_css":""},"product_brand":[],"product_cat":[85],"product_tag":[],"class_list":{"0":"post-6494","1":"product","2":"type-product","3":"status-publish","4":"has-post-thumbnail","6":"product_cat-zastitna-oprema","8":"first","9":"instock","10":"sale","11":"shipping-taxable","12":"purchasable","13":"product-type-variable"},"_links":{"self":[{"href":"https:\/\/dilaboards.com\/hr\/wp-json\/wp\/v2\/product\/6494","targetHints":{"allow":["GET"]}}],"collection":[{"href":"https:\/\/dilaboards.com\/hr\/wp-json\/wp\/v2\/product"}],"about":[{"href":"https:\/\/dilaboards.com\/hr\/wp-json\/wp\/v2\/types\/product"}],"replies":[{"embeddable":true,"href":"https:\/\/dilaboards.com\/hr\/wp-json\/wp\/v2\/comments?post=6494"}],"wp:featuredmedia":[{"embeddable":true,"href":"https:\/\/dilaboards.com\/hr\/wp-json\/wp\/v2\/media\/6495"}],"wp:attachment":[{"href":"https:\/\/dilaboards.com\/hr\/wp-json\/wp\/v2\/media?parent=6494"}],"wp:term":[{"taxonomy":"product_brand","embeddable":true,"href":"https:\/\/dilaboards.com\/hr\/wp-json\/wp\/v2\/product_brand?post=6494"},{"taxonomy":"product_cat","embeddable":true,"href":"https:\/\/dilaboards.com\/hr\/wp-json\/wp\/v2\/product_cat?post=6494"},{"taxonomy":"product_tag","embeddable":true,"href":"https:\/\/dilaboards.com\/hr\/wp-json\/wp\/v2\/product_tag?post=6494"}],"curies":[{"name":"wp","href":"https:\/\/api.w.org\/{rel}","templated":true}]}}