{"id":6419,"date":"2022-12-10T17:32:33","date_gmt":"2022-12-10T15:32:33","guid":{"rendered":"https:\/\/dilaboards.com\/servis\/"},"modified":"2025-07-01T00:27:16","modified_gmt":"2025-06-30T22:27:16","slug":"servis","status":"publish","type":"page","link":"https:\/\/dilaboards.com\/hr\/servis\/","title":{"rendered":"Servis"},"content":{"rendered":"<div class=\"wp-block-stackable-image stk-block-image stk-block stk-7a663d0\" data-block-id=\"7a663d0\"><style>.stk-7a663d0 {margin-top:90px !important;margin-bottom:150px !important;}@media screen and (max-width:689px){.stk-7a663d0 {margin-top:0px !important;margin-bottom:50px !important;}}<\/style><figure><span class=\"stk-img-wrapper stk-image--shape-stretch\"><img loading=\"lazy\" decoding=\"async\" class=\"stk-img wp-image-7152\" src=\"https:\/\/dilaboards.com\/wp-content\/uploads\/2025\/07\/servis_title_slo-1.png\" width=\"2240\" height=\"330\"\/><\/span><\/figure><\/div><div class=\"wp-block-stackable-columns stk-block-columns stk-block stk-327e025\" data-block-id=\"327e025\"><style>.stk-327e025 {margin-bottom:100px !important;}<\/style><div class=\"stk-row stk-inner-blocks stk-block-content stk-content-align stk-327e025-column\"><div class=\"wp-block-stackable-column stk-block-column stk-column stk-block stk-dc81f92\" data-v=\"4\" data-block-id=\"dc81f92\"><div class=\"stk-column-wrapper stk-block-column__content stk-container stk-dc81f92-container stk--no-background stk--no-padding\"><div class=\"stk-block-content stk-inner-blocks stk-dc81f92-inner-blocks\"><div class=\"wp-block-stackable-text stk-block-text stk-block stk-d320a08 stk-block-background\" data-block-id=\"d320a08\"><style>.stk-d320a08 {background-color:#00000000 !important;border-top-left-radius:15px !important;border-top-right-radius:15px !important;border-bottom-right-radius:15px !important;border-bottom-left-radius:15px !important;overflow:hidden !important;border-style:solid !important;border-color:var(--theme-palette-color-1, #00bfff) !important;border-top-width:3px !important;border-right-width:3px !important;border-bottom-width:3px !important;border-left-width:3px !important;}.stk-d320a08:before{background-color:#00000000 !important;}<\/style><p class=\"stk-block-text__text has-text-align-center\">Ispunite donji obrazac i kliknite <strong>PO\u0160ALJI<\/strong> kako biste zapo\u010deli postupak popravka. Pobrinut \u0107emo se da svoju DILO dobijete natrag u najkra\u0107em mogu\u0107em roku.  <\/p><\/div>\n\n<div class=\"wp-block-stackable-columns stk-block-columns stk-block stk-74466c5\" data-block-id=\"74466c5\"><div class=\"stk-row stk-inner-blocks stk-block-content stk-content-align stk-74466c5-column\"><div class=\"wp-block-stackable-column stk-block-column stk-column stk-block stk-647c2a2\" data-v=\"4\" data-block-id=\"647c2a2\"><style>.stk-647c2a2 {border-top-left-radius:15px !important;border-top-right-radius:15px !important;border-bottom-right-radius:15px !important;border-bottom-left-radius:15px !important;overflow:hidden !important;border-style:solid !important;border-color:var(--theme-palette-color-1, #00bfff) !important;border-top-width:3px !important;border-right-width:3px !important;border-bottom-width:3px !important;border-left-width:3px !important;padding-top:50px !important;padding-right:50px !important;padding-bottom:50px !important;padding-left:50px !important;}@media screen and (max-width:689px){.stk-647c2a2 {padding-top:12px !important;padding-right:12px !important;padding-bottom:12px !important;padding-left:12px !important;}}<\/style><div class=\"stk-column-wrapper stk-block-column__content stk-container stk-647c2a2-container stk--no-background stk--no-padding\"><div class=\"stk-block-content stk-inner-blocks stk-647c2a2-inner-blocks\"><Style>\n    .aw-form-wrap {\n    width: 100%;\n    padding: 20px;\n    border: 1px solid #ddd;\n    border-radius: 3px;\n    background: #fff;\n}\n .aw-form-wrap>h2{\n    text-align: center;\n    font-size: 26px;\n    margin-bottom: 30px;\n    margin-top: 0;\n}\n.w-50{width:calc(50% - 20px);}\n.w-100{width:100%;}\n.aw-group {\n    display: flex;\n    flex-direction: column;\n    gap: 5px;\n    margin-bottom:20px;\n}\n.aw-form-wrap>form{\n     display: flex;\n     flex-wrap:wrap;\n     gap:20px;\n}\n.aw-input {\n    border: 1px solid #ddd;\n    height: 50px;\n    padding: 10px;\n    background: #f9f9f9;\n    box-sizing: border-box;\n}\n.aw-group>label>span{color:red;}\n<\/Style>\n\n<div class=\"woocommerce ct-woo-unauthorized\"><\/div><\/div><\/div><\/div><\/div><\/div><\/div><\/div><\/div><\/div><\/div><div class=\"wp-block-stackable-columns alignfull stk-block-columns stk-block stk-af942c4 stk-block-background\" data-block-id=\"af942c4\"><style>.stk-af942c4 {background-color:#161617 !important;min-height:600px !important;align-items:center !important;margin-bottom:0px !important;display:flex !important;}.stk-af942c4:before{background-color:#161617 !important;}<\/style><div class=\"stk-row stk-inner-blocks stk-block-content stk-content-align stk-af942c4-column alignfull\"><div class=\"wp-block-stackable-column stk-block-column stk-column stk-block stk-8764e71\" data-v=\"4\" data-block-id=\"8764e71\"><div class=\"stk-column-wrapper stk-block-column__content stk-container stk-8764e71-container stk--no-background stk--no-padding\"><div class=\"stk-block-content stk-inner-blocks stk-8764e71-inner-blocks\"><div class=\"wp-block-stackable-columns aligncenter stk-block-columns stk-block stk-ac91619\" data-block-id=\"ac91619\"><style>.stk-ac91619-column{--stk-column-gap:15px !important;}<\/style><div class=\"stk-row stk-inner-blocks has-text-align-center stk-block-content stk-content-align stk-ac91619-column\"><div class=\"wp-block-stackable-column stk-block-column stk-column stk-block stk-21ea040\" data-v=\"4\" data-block-id=\"21ea040\"><style>.stk-21ea040-inner-blocks{justify-content:center !important;}.stk-21ea040 {min-height:400px !important;align-items:center !important;display:flex !important;}.stk-21ea040-container{background-color:#00000000 !important;border-top-left-radius:0px !important;border-top-right-radius:0px !important;border-bottom-right-radius:0px !important;border-bottom-left-radius:0px !important;overflow:hidden !important;border-style:solid !important;border-color:var(--theme-palette-color-6, #f2f5f7) !important;border-top-width:3px !important;border-right-width:3px !important;border-bottom-width:3px !important;border-left-width:3px !important;min-height:400px !important;}.stk-21ea040-container:hover{background-color:#00000000 !important;}.stk-21ea040-container:before{background-color:#00000000 !important;}.stk-21ea040-container:hover:before{background-color:#00000000 !important;}<\/style><div class=\"stk-column-wrapper stk-block-column__content stk-container stk-21ea040-container stk-hover-parent\"><div class=\"stk--column-flex stk-block-content stk-inner-blocks stk-21ea040-inner-blocks\"><div class=\"wp-block-stackable-icon stk-block-icon stk-block stk-ba3c082\" data-block-id=\"ba3c082\"><style>:where(.stk-hover-parent:hover,  .stk-hover-parent.stk--is-hovered) .stk-ba3c082{transform:translateY(-15px) !important;}.stk-ba3c082 .stk--svg-wrapper .stk--inner-svg svg:last-child, .stk-ba3c082 .stk--svg-wrapper .stk--inner-svg svg:last-child :is(g, path, rect, polygon, ellipse){fill:var(--theme-palette-color-1, #00bfff) !important;}<\/style><span class=\"stk--svg-wrapper\"><div class=\"stk--inner-svg\"><svg style=\"height:0;width:0\"><defs><lineargradient id=\"linear-gradient-ba3c082\" x1=\"0\" x2=\"100%\" y1=\"0\" y2=\"0\"><stop offset=\"0%\" style=\"stop-opacity:1;stop-color:var(--linear-gradient-ba-3-c-082-color-1)\"><\/stop><stop offset=\"100%\" style=\"stop-opacity:1;stop-color:var(--linear-gradient-ba-3-c-082-color-2)\"><\/stop><\/lineargradient><\/defs><\/svg><svg xmlns=\"http:\/\/www.w3.org\/2000\/svg\" viewbox=\"0 0 448 512\" aria-hidden=\"true\" width=\"32\" height=\"32\"><path d=\"M349.4 44.6c5.9-13.7 1.5-29.7-10.6-38.5s-28.6-8-39.9 1.8l-256 224c-10 8.8-13.6 22.9-8.9 35.3S50.7 288 64 288H175.5L98.6 467.4c-5.9 13.7-1.5 29.7 10.6 38.5s28.6 8 39.9-1.8l256-224c10-8.8 13.6-22.9 8.9-35.3s-16.6-20.7-30-20.7H272.5L349.4 44.6z\"><\/path><\/svg><\/div><\/span><\/div>\n\n<div class=\"wp-block-stackable-heading stk-block-heading stk-block-heading--v2 stk-block stk-7851b2a\" id=\"dila-off\" data-block-id=\"7851b2a\"><style>.stk-7851b2a .stk-block-heading__text{color:var(--theme-palette-color-7, #FAFBFC) !important;font-family:\"Poppins\", Sans-serif !important;}<\/style><h2 class=\"stk-block-heading__text has-text-color\">DILA PRO<\/h2><\/div>\n\n<div class=\"wp-block-stackable-text stk-block-text stk-block stk-b315574\" data-block-id=\"b315574\"><style>.stk-b315574 .stk-block-text__text{font-size:20px !important;color:var(--theme-palette-color-5, #e1e8ed) !important;}@media screen and (max-width:999px){.stk-b315574 .stk-block-text__text{font-size:20px !important;}}<\/style><p class=\"stk-block-text__text has-text-color\">Vozi na struju . Vozi Pro.<br\/>Saznajte vi\u0161e o na\u0161em unaprije\u0111enom modelu DILA Pro s unutarnjim motorima.  <\/p><\/div><\/div><a class=\"stk-link stk-block-link stk--transparent-overlay\" href=\"https:\/\/dilaboards.com\/hr\/\" aria-hidden=\"true\" tabindex=\"-1\"><\/a><\/div><\/div>\n\n<div class=\"wp-block-stackable-column stk-block-column stk-column stk-block stk-890e8aa\" data-v=\"4\" data-block-id=\"890e8aa\"><style>.stk-890e8aa-inner-blocks{justify-content:center !important;}.stk-890e8aa {min-height:400px !important;align-items:center !important;display:flex !important;}.stk-890e8aa-container{background-color:#00000000 !important;border-top-left-radius:0px !important;border-top-right-radius:0px !important;border-bottom-right-radius:0px !important;border-bottom-left-radius:0px !important;overflow:hidden !important;border-style:solid !important;border-color:var(--theme-palette-color-6, #f2f5f7) !important;border-top-width:3px !important;border-right-width:3px !important;border-bottom-width:3px !important;border-left-width:3px !important;min-height:400px !important;}.stk-890e8aa-container:hover{background-color:#00000000 !important;}.stk-890e8aa-container:before{background-color:#00000000 !important;}.stk-890e8aa-container:hover:before{background-color:#00000000 !important;}<\/style><div class=\"stk-column-wrapper stk-block-column__content stk-container stk-890e8aa-container stk-hover-parent\"><div class=\"stk--column-flex stk-block-content stk-inner-blocks stk-890e8aa-inner-blocks\"><div class=\"wp-block-stackable-icon stk-block-icon stk-block stk-f9d327a\" data-block-id=\"f9d327a\"><style>:where(.stk-hover-parent:hover,  .stk-hover-parent.stk--is-hovered) .stk-f9d327a{transform:translateY(-15px) !important;}.stk-f9d327a .stk--svg-wrapper .stk--inner-svg svg:last-child, .stk-f9d327a .stk--svg-wrapper .stk--inner-svg svg:last-child :is(g, path, rect, polygon, ellipse){fill:var(--stk-global-color-57950, #03cf00) !important;}<\/style><span class=\"stk--svg-wrapper\"><div class=\"stk--inner-svg\"><svg style=\"height:0;width:0\"><defs><lineargradient id=\"linear-gradient-f9d327a\" x1=\"0\" x2=\"100%\" y1=\"0\" y2=\"0\"><stop offset=\"0%\" style=\"stop-opacity:1;stop-color:var(--linear-gradient-f-9-d-327-a-color-1)\"><\/stop><stop offset=\"100%\" style=\"stop-opacity:1;stop-color:var(--linear-gradient-f-9-d-327-a-color-2)\"><\/stop><\/lineargradient><\/defs><\/svg><svg xmlns=\"http:\/\/www.w3.org\/2000\/svg\" viewbox=\"0 0 448 512\" aria-hidden=\"true\" width=\"32\" height=\"32\"><path d=\"M349.4 44.6c5.9-13.7 1.5-29.7-10.6-38.5s-28.6-8-39.9 1.8l-256 224c-10 8.8-13.6 22.9-8.9 35.3S50.7 288 64 288H175.5L98.6 467.4c-5.9 13.7-1.5 29.7 10.6 38.5s28.6 8 39.9-1.8l256-224c10-8.8 13.6-22.9 8.9-35.3s-16.6-20.7-30-20.7H272.5L349.4 44.6z\"><\/path><\/svg><\/div><\/span><\/div>\n\n<div class=\"wp-block-stackable-heading stk-block-heading stk-block-heading--v2 stk-block stk-db36a4f\" id=\"dila-off\" data-block-id=\"db36a4f\"><style>.stk-db36a4f .stk-block-heading__text{color:var(--theme-palette-color-7, #FAFBFC) !important;font-family:\"Poppins\", Sans-serif !important;}<\/style><h2 class=\"stk-block-heading__text has-text-color\">DILA OFF<\/h2><\/div>\n\n<div class=\"wp-block-stackable-text stk-block-text stk-block stk-61f3d75\" data-block-id=\"61f3d75\"><style>.stk-61f3d75 .stk-block-text__text{font-size:20px !important;color:var(--theme-palette-color-5, #e1e8ed) !important;}@media screen and (max-width:999px){.stk-61f3d75 .stk-block-text__text{font-size:20px !important;}}<\/style><p class=\"stk-block-text__text has-text-color\">Vozi svugdje. Vozi Off.<br\/>Svaka cesta. Svaki teren.   <br\/>Saznajte vi\u0161e o na\u0161em novom hibridnom modelu DILA OFF.<\/p><\/div><\/div><a class=\"stk-link stk-block-link stk--transparent-overlay\" href=\"https:\/\/dilaboards.com\/hr\/dila-off\/\" aria-hidden=\"true\" tabindex=\"-1\"><\/a><\/div><\/div>\n\n<div class=\"wp-block-stackable-column stk-block-column stk-column stk-block stk-149e978\" data-v=\"4\" data-block-id=\"149e978\"><style>.stk-149e978-inner-blocks{justify-content:center !important;}.stk-149e978 {min-height:400px !important;align-items:center !important;display:flex !important;}.stk-149e978-container{background-color:#00000000 !important;border-top-left-radius:0px !important;border-top-right-radius:0px !important;border-bottom-right-radius:0px !important;border-bottom-left-radius:0px !important;overflow:hidden !important;border-style:solid !important;border-color:var(--theme-palette-color-6, #f2f5f7) !important;border-top-width:3px !important;border-right-width:3px !important;border-bottom-width:3px !important;border-left-width:3px !important;min-height:400px !important;}.stk-149e978-container:hover{background-color:#00000000 !important;}.stk-149e978-container:before{background-color:#00000000 !important;}.stk-149e978-container:hover:before{background-color:#00000000 !important;}<\/style><div class=\"stk-column-wrapper stk-block-column__content stk-container stk-149e978-container stk-hover-parent\"><div class=\"stk--column-flex stk-block-content stk-inner-blocks stk-149e978-inner-blocks\"><div class=\"wp-block-stackable-icon stk-block-icon stk-block stk-05aa6df\" data-block-id=\"05aa6df\"><style>:where(.stk-hover-parent:hover,  .stk-hover-parent.stk--is-hovered) .stk-05aa6df{transform:translateY(-15px) !important;}.stk-05aa6df .stk--svg-wrapper .stk--inner-svg svg:last-child, .stk-05aa6df .stk--svg-wrapper .stk--inner-svg svg:last-child :is(g, path, rect, polygon, ellipse){fill:#e05151 !important;}<\/style><span class=\"stk--svg-wrapper\"><div class=\"stk--inner-svg\"><svg style=\"height:0;width:0\"><defs><lineargradient id=\"linear-gradient-05aa6df\" x1=\"0\" x2=\"100%\" y1=\"0\" y2=\"0\"><stop offset=\"0%\" style=\"stop-opacity:1;stop-color:var(--linear-gradient-05-aa-6-df-color-1)\"><\/stop><stop offset=\"100%\" style=\"stop-opacity:1;stop-color:var(--linear-gradient-05-aa-6-df-color-2)\"><\/stop><\/lineargradient><\/defs><\/svg><svg xmlns=\"http:\/\/www.w3.org\/2000\/svg\" viewbox=\"0 0 512 512\" aria-hidden=\"true\" width=\"32\" height=\"32\"><path d=\"M269.4 2.9C265.2 1 260.7 0 256 0s-9.2 1-13.4 2.9L54.3 82.8c-22 9.3-38.4 31-38.3 57.2c.5 99.2 41.3 280.7 213.6 363.2c16.7 8 36.1 8 52.8 0C454.7 420.7 495.5 239.2 496 140c.1-26.2-16.3-47.9-38.3-57.2L269.4 2.9zM144 221.3c0-33.8 27.4-61.3 61.3-61.3c16.2 0 31.8 6.5 43.3 17.9l7.4 7.4 7.4-7.4c11.5-11.5 27.1-17.9 43.3-17.9c33.8 0 61.3 27.4 61.3 61.3c0 16.2-6.5 31.8-17.9 43.3l-82.7 82.7c-6.2 6.2-16.4 6.2-22.6 0l-82.7-82.7c-11.5-11.5-17.9-27.1-17.9-43.3z\"><\/path><\/svg><\/div><\/span><\/div>\n\n<div class=\"wp-block-stackable-heading stk-block-heading stk-block-heading--v2 stk-block stk-21828e7\" id=\"dila-off\" data-block-id=\"21828e7\"><style>.stk-21828e7 .stk-block-heading__text{color:var(--theme-palette-color-7, #FAFBFC) !important;font-family:\"Poppins\", Sans-serif !important;}<\/style><h2 class=\"stk-block-heading__text has-text-color\">SIGURNOST<\/h2><\/div>\n\n<div class=\"wp-block-stackable-text stk-block-text stk-block stk-46ce9aa\" data-block-id=\"46ce9aa\"><style>.stk-46ce9aa .stk-block-text__text{font-size:20px !important;color:var(--theme-palette-color-5, #e1e8ed) !important;}@media screen and (max-width:999px){.stk-46ce9aa .stk-block-text__text{font-size:20px !important;}}<\/style><p class=\"stk-block-text__text has-text-color\">Saznajte vi\u0161e o sigurnosti sa svojom DILO. Ispunite sigurnosni upitnik i ostvarite 20\u20ac popusta pri kupnji. <\/p><\/div><\/div><a class=\"stk-link stk-block-link stk--transparent-overlay\" href=\"https:\/\/dilaboards.com\/hr\/sigurnost\/\" aria-hidden=\"true\" tabindex=\"-1\"><\/a><\/div><\/div><\/div><\/div><\/div><\/div><\/div><\/div><\/div>","protected":false},"excerpt":{"rendered":"<p>Ispunite donji obrazac i kliknite PO\u0160ALJI kako biste zapo\u010deli postupak popravka. Pobrinut \u0107emo se da svoju DILO dobijete natrag u najkra\u0107em mogu\u0107em roku. DILA PRO Vozi na struju . Vozi Pro.Saznajte vi\u0161e o na\u0161em unaprije\u0111enom modelu DILA Pro s unutarnjim motorima. DILA OFF Vozi svugdje. Vozi Off.Svaka cesta. Svaki teren. Saznajte vi\u0161e o na\u0161em novom [&hellip;]<\/p>\n","protected":false},"author":1,"featured_media":0,"parent":0,"menu_order":0,"comment_status":"closed","ping_status":"closed","template":"","meta":{"_gspb_post_css":"#gspb_image-id-gsbp-e43476a img{vertical-align:top;display:inline-block;box-sizing:border-box;max-width:100%;height:auto}#gspb_image-id-gsbp-e43476a{margin-top:100px;margin-bottom:150px}","footnotes":""},"class_list":["post-6419","page","type-page","status-publish","hentry"],"blocksy_meta":{"vertical_spacing_source":"custom","content_area_spacing":"top","styles_descriptor":{"styles":{"desktop":"","tablet":"","mobile":""},"google_fonts":[],"version":6}},"_links":{"self":[{"href":"https:\/\/dilaboards.com\/hr\/wp-json\/wp\/v2\/pages\/6419","targetHints":{"allow":["GET"]}}],"collection":[{"href":"https:\/\/dilaboards.com\/hr\/wp-json\/wp\/v2\/pages"}],"about":[{"href":"https:\/\/dilaboards.com\/hr\/wp-json\/wp\/v2\/types\/page"}],"author":[{"embeddable":true,"href":"https:\/\/dilaboards.com\/hr\/wp-json\/wp\/v2\/users\/1"}],"replies":[{"embeddable":true,"href":"https:\/\/dilaboards.com\/hr\/wp-json\/wp\/v2\/comments?post=6419"}],"version-history":[{"count":8,"href":"https:\/\/dilaboards.com\/hr\/wp-json\/wp\/v2\/pages\/6419\/revisions"}],"predecessor-version":[{"id":7160,"href":"https:\/\/dilaboards.com\/hr\/wp-json\/wp\/v2\/pages\/6419\/revisions\/7160"}],"wp:attachment":[{"href":"https:\/\/dilaboards.com\/hr\/wp-json\/wp\/v2\/media?parent=6419"}],"curies":[{"name":"wp","href":"https:\/\/api.w.org\/{rel}","templated":true}]}}