{"id":6417,"date":"2023-01-16T18:29:02","date_gmt":"2023-01-16T16:29:02","guid":{"rendered":"https:\/\/dilaboards.com\/uvjeti-i-odredbe\/"},"modified":"2025-05-14T22:37:16","modified_gmt":"2025-05-14T20:37:16","slug":"uvjeti-i-odredbe","status":"publish","type":"page","link":"https:\/\/dilaboards.com\/hr\/uvjeti-i-odredbe\/","title":{"rendered":"Uvjeti i odredbe"},"content":{"rendered":"<div class=\"wp-block-stackable-heading stk-block-heading stk-block-heading--v2 stk-block stk-19dc8c2\" id=\"pogoji-poslovanja\" data-block-id=\"19dc8c2\"><h2 class=\"stk-block-heading__text\">UVJETI POSLOVANJA<\/h2><\/div><div class=\"wp-block-stackable-heading stk-block-heading stk-block-heading--v2 stk-block stk-d780f5e\" id=\"1-introduction\" data-block-id=\"d780f5e\"><h2 class=\"stk-block-heading__text\">1. Uvod<\/h2><\/div><div class=\"wp-block-stackable-text stk-block-text stk-block stk-42c530c\" data-block-id=\"42c530c\"><p class=\"stk-block-text__text\">Standardni uvjeti i odredbe navedeni na ovoj internetskoj stranici reguliraju va\u0161e kori\u0161tenje na\u0161e web stranice Dilaboards, dostupne na dilaboards.com.<\/p><\/div><div class=\"wp-block-stackable-text stk-block-text stk-block stk-41acfd3\" data-block-id=\"41acfd3\"><p class=\"stk-block-text__text\">Kori\u0161tenjem na\u0161e web stranice u potpunosti prihva\u0107ate ove uvjete i odredbe. Ako se ne sla\u017eete s ovim uvjetima i odredbama ili s bilo kojim njihovim dijelom, ne smijete koristiti na\u0161u web stranicu.  <\/p><\/div><div class=\"wp-block-stackable-heading stk-block-heading stk-block-heading--v2 stk-block stk-f7fdedc\" id=\"2-intellectual-property-rights\" data-block-id=\"f7fdedc\"><h2 class=\"stk-block-heading__text\">2. Prava intelektualnog vlasni\u0161tva<\/h2><\/div><div class=\"wp-block-stackable-text stk-block-text stk-block stk-9d76c06\" data-block-id=\"9d76c06\"><p class=\"stk-block-text__text\">Osim ako nije druga\u010dije navedeno, mi ili na\u0161i davatelji licence vlasnici smo prava intelektualnog vlasni\u0161tva na ovoj web stranici, kao i na materijalima koji se na njoj nalaze. U skladu s donjom licencom, sva ta prava intelektualnog vlasni\u0161tva su pridr\u017eana.  <\/p><\/div><div class=\"wp-block-stackable-heading stk-block-heading stk-block-heading--v2 stk-block stk-da8958b\" id=\"3-license-to-use-website\" data-block-id=\"da8958b\"><h2 class=\"stk-block-heading__text\">3. Licenca za kori\u0161tenje web stranice<\/h2><\/div><div class=\"wp-block-stackable-text stk-block-text stk-block stk-d9e0450\" data-block-id=\"d9e0450\"><p class=\"stk-block-text__text\">Stranice s web stranice smijete pregledavati ili preuzimati samo u svrhu predmemoriranja te ispisivati stranice za osobnu upotrebu, u skladu s ograni\u010denjima navedenima u nastavku i drugdje u ovim uvjetima i odredbama.<\/p><\/div><div class=\"wp-block-stackable-text stk-block-text stk-block stk-c257ece\" data-block-id=\"c257ece\"><p class=\"stk-block-text__text\">Ne smijete: ponovno objavljivati materijale s ove web stranice (uklju\u010duju\u0107i ponovnu objavu na drugoj web stranici); prodavati, iznajmljivati ili podlicencirati materijale s web stranice; prikazivati bilo kakve materijale s web stranice u javnosti; reproducirati, umno\u017eavati, kopirati ili na drugi na\u010din iskori\u0161tavati materijale s na\u0161e web stranice u komercijalne svrhe; ure\u0111ivati ili na bilo koji na\u010din mijenjati bilo koji materijal na web stranici; niti dalje distribuirati materijale s ove web stranice, osim sadr\u017eaja koji je izri\u010dito i posebno dostupan za daljnju distribuciju.<\/p><\/div><div class=\"wp-block-stackable-text stk-block-text stk-block stk-972b11c\" data-block-id=\"972b11c\"><p class=\"stk-block-text__text\">Ako je sadr\u017eaj izri\u010dito dostupan za daljnju distribuciju, takva se distribucija smije provoditi isklju\u010divo unutar va\u0161e organizacije.<\/p><\/div><div class=\"wp-block-stackable-heading stk-block-heading stk-block-heading--v2 stk-block stk-cba09bf\" id=\"5-breaches-of-these-terms-and-conditions\" data-block-id=\"cba09bf\"><h2 class=\"stk-block-heading__text\">5. Kr\u0161enja ovih uvjeta<\/h2><\/div><div class=\"wp-block-stackable-text stk-block-text stk-block stk-7df393a\" data-block-id=\"7df393a\"><p class=\"stk-block-text__text\">Bez utjecaja na na\u0161a druga prava u skladu s ovim uvjetima<\/p><\/div><div class=\"wp-block-stackable-heading stk-block-heading stk-block-heading--v2 stk-block stk-e6a4291\" id=\"a-href-dila-pro-a\" data-block-id=\"e6a4291\"><h2 class=\"stk-block-heading__text\"><a href=\"\/\">DILA PRO<\/a><\/h2><\/div><div class=\"wp-block-stackable-text stk-block-text stk-block stk-0e78e32\" data-block-id=\"0e78e32\"><p class=\"stk-block-text__text\">Vozi na struju. Vozi PRO.<br\/>Saznaj vi\u0161e o na\u0161oj obnovljenoj DILA Pro dasci s pogonom na ugra\u0111ene elektri\u010dne motore <br\/><br\/> <\/p><\/div><div class=\"wp-block-stackable-heading stk-block-heading stk-block-heading--v2 stk-block stk-691c062\" id=\"a-href-off-dila-off-a\" data-block-id=\"691c062\"><h2 class=\"stk-block-heading__text\"><a href=\"https:\/\/dilaboards.com\/dila-off\/\">DILA OFF<\/a><\/h2><\/div><div class=\"wp-block-stackable-text stk-block-text stk-block stk-6939916\" data-block-id=\"6939916\"><p class=\"stk-block-text__text\">Na svim cestama i terenima.<br\/>Saznajte vi\u0161e o na\u0161em novom hibridnom modelu DILA Off. <\/p><\/div><div class=\"wp-block-stackable-heading stk-block-heading stk-block-heading--v2 stk-block stk-db3b421\" id=\"a-href-repairs-repairs-a\" data-block-id=\"db3b421\"><h2 class=\"stk-block-heading__text\"><a href=\"https:\/\/dilaboards.com\/hr\/servis\/\">SERVIS<\/a><\/h2><\/div><div class=\"wp-block-stackable-text stk-block-text stk-block stk-94448a8\" data-block-id=\"94448a8\"><p class=\"stk-block-text__text\">Budite bez brige!<br\/>Naru\u010dite i pratite popravak svoje DILE uz na\u0161 jednostavan i transparentan DILA servis.<\/p><\/div>","protected":false},"excerpt":{"rendered":"<p>UVJETI POSLOVANJA 1. Uvod Standardni uvjeti i odredbe navedeni na ovoj internetskoj stranici reguliraju va\u0161e kori\u0161tenje na\u0161e web stranice Dilaboards, dostupne na dilaboards.com. Kori\u0161tenjem na\u0161e web stranice u potpunosti prihva\u0107ate ove uvjete i odredbe. Ako se ne sla\u017eete s ovim uvjetima i odredbama ili s bilo kojim njihovim dijelom, ne smijete koristiti na\u0161u web stranicu. [&hellip;]<\/p>\n","protected":false},"author":1,"featured_media":0,"parent":0,"menu_order":0,"comment_status":"closed","ping_status":"closed","template":"","meta":{"_gspb_post_css":"","footnotes":""},"class_list":["post-6417","page","type-page","status-publish","hentry"],"blocksy_meta":{"vertical_spacing_source":"custom","styles_descriptor":{"styles":{"desktop":"","tablet":"","mobile":""},"google_fonts":[],"version":6}},"_links":{"self":[{"href":"https:\/\/dilaboards.com\/hr\/wp-json\/wp\/v2\/pages\/6417","targetHints":{"allow":["GET"]}}],"collection":[{"href":"https:\/\/dilaboards.com\/hr\/wp-json\/wp\/v2\/pages"}],"about":[{"href":"https:\/\/dilaboards.com\/hr\/wp-json\/wp\/v2\/types\/page"}],"author":[{"embeddable":true,"href":"https:\/\/dilaboards.com\/hr\/wp-json\/wp\/v2\/users\/1"}],"replies":[{"embeddable":true,"href":"https:\/\/dilaboards.com\/hr\/wp-json\/wp\/v2\/comments?post=6417"}],"version-history":[{"count":3,"href":"https:\/\/dilaboards.com\/hr\/wp-json\/wp\/v2\/pages\/6417\/revisions"}],"predecessor-version":[{"id":6431,"href":"https:\/\/dilaboards.com\/hr\/wp-json\/wp\/v2\/pages\/6417\/revisions\/6431"}],"wp:attachment":[{"href":"https:\/\/dilaboards.com\/hr\/wp-json\/wp\/v2\/media?parent=6417"}],"curies":[{"name":"wp","href":"https:\/\/api.w.org\/{rel}","templated":true}]}}