{"id":6593,"date":"2025-04-20T11:33:13","date_gmt":"2025-04-20T09:33:13","guid":{"rendered":"https:\/\/dilaboards.com\/product\/helm\/"},"modified":"2025-04-20T11:33:13","modified_gmt":"2025-04-20T09:33:13","slug":"helm","status":"publish","type":"product","link":"https:\/\/dilaboards.com\/de\/produkt\/helm\/","title":{"rendered":"Helm"},"content":{"rendered":"<p>Der neue DILA Helm sch\u00fctzt deinen Kopf vor m\u00f6glichen St\u00f6\u00dfen. Achte auf deine Sicherheit und lies mehr \u00fcber die sichere Nutzung deines DILA Boards im Bereich <a href=\"https:\/\/dilaboards.com\/de\/sicherheit\/\">SICHERHEIT<\/a>. <\/p>\n<p>DILA. TRAG EINEN HELM.<\/p>\n","protected":false},"excerpt":{"rendered":"<p>Der neue DILA Helm sch\u00fctzt deinen Kopf vor m\u00f6glichen St\u00f6\u00dfen. Achte auf deine Sicherheit und lies mehr \u00fcber die sichere Nutzung deines DILA Boards im Bereich SICHERHEIT. DILA. TRAG EINEN HELM.<\/p>\n","protected":false},"featured_media":6594,"comment_status":"open","ping_status":"closed","template":"","meta":{"_gspb_post_css":""},"product_brand":[],"product_cat":[92],"product_tag":[],"class_list":{"0":"post-6593","1":"product","2":"type-product","3":"status-publish","4":"has-post-thumbnail","6":"product_cat-schutzausrustung","8":"first","9":"instock","10":"sale","11":"shipping-taxable","12":"purchasable","13":"product-type-variable"},"_links":{"self":[{"href":"https:\/\/dilaboards.com\/de\/wp-json\/wp\/v2\/product\/6593","targetHints":{"allow":["GET"]}}],"collection":[{"href":"https:\/\/dilaboards.com\/de\/wp-json\/wp\/v2\/product"}],"about":[{"href":"https:\/\/dilaboards.com\/de\/wp-json\/wp\/v2\/types\/product"}],"replies":[{"embeddable":true,"href":"https:\/\/dilaboards.com\/de\/wp-json\/wp\/v2\/comments?post=6593"}],"wp:featuredmedia":[{"embeddable":true,"href":"https:\/\/dilaboards.com\/de\/wp-json\/wp\/v2\/media\/6594"}],"wp:attachment":[{"href":"https:\/\/dilaboards.com\/de\/wp-json\/wp\/v2\/media?parent=6593"}],"wp:term":[{"taxonomy":"product_brand","embeddable":true,"href":"https:\/\/dilaboards.com\/de\/wp-json\/wp\/v2\/product_brand?post=6593"},{"taxonomy":"product_cat","embeddable":true,"href":"https:\/\/dilaboards.com\/de\/wp-json\/wp\/v2\/product_cat?post=6593"},{"taxonomy":"product_tag","embeddable":true,"href":"https:\/\/dilaboards.com\/de\/wp-json\/wp\/v2\/product_tag?post=6593"}],"curies":[{"name":"wp","href":"https:\/\/api.w.org\/{rel}","templated":true}]}}