{"id":6576,"date":"2023-01-16T18:29:02","date_gmt":"2023-01-16T16:29:02","guid":{"rendered":"https:\/\/dilaboards.com\/allgemeine-geschaeftsbedingungen\/"},"modified":"2025-05-28T17:50:52","modified_gmt":"2025-05-28T15:50:52","slug":"allgemeine-geschaeftsbedingungen","status":"publish","type":"page","link":"https:\/\/dilaboards.com\/de\/allgemeine-geschaeftsbedingungen\/","title":{"rendered":"Allgemeine Gesch\u00e4ftsbedingungen"},"content":{"rendered":"<div class=\"wp-block-stackable-heading stk-block-heading stk-block-heading--v2 stk-block stk-19dc8c2\" id=\"pogoji-poslovanja\" data-block-id=\"19dc8c2\"><h2 class=\"stk-block-heading__text\">Allgemeine Gesch\u00e4ftsbedingungen<\/h2><\/div><div class=\"wp-block-stackable-heading stk-block-heading stk-block-heading--v2 stk-block stk-d780f5e\" id=\"1-introduction\" data-block-id=\"d780f5e\"><h2 class=\"stk-block-heading__text\">1. Einleitung<\/h2><\/div><div class=\"wp-block-stackable-text stk-block-text stk-block stk-42c530c\" data-block-id=\"42c530c\"><p class=\"stk-block-text__text\">Diese allgemeinen Website-Nutzungsbedingungen regeln die Nutzung unserer Website Dilaboards, die unter dilaboards.com erreichbar ist.<\/p><\/div><div class=\"wp-block-stackable-text stk-block-text stk-block stk-41acfd3\" data-block-id=\"41acfd3\"><p class=\"stk-block-text__text\">Durch die Nutzung unserer Website akzeptierst du diese Gesch\u00e4ftsbedingungen in vollem Umfang. Wenn du mit diesen Bedingungen oder einem Teil davon nicht einverstanden bist, darfst du unsere Website nicht nutzen. <\/p><\/div><div class=\"wp-block-stackable-heading stk-block-heading stk-block-heading--v2 stk-block stk-f7fdedc\" id=\"2-intellectual-property-rights\" data-block-id=\"f7fdedc\"><h2 class=\"stk-block-heading__text\">2. Geistige Eigentumsrechte<\/h2><\/div><div class=\"wp-block-stackable-text stk-block-text stk-block stk-9d76c06\" data-block-id=\"9d76c06\"><p class=\"stk-block-text__text\">Sofern nicht anders angegeben, liegen die Rechte an geistigem Eigentum an dieser Website und den darauf ver\u00f6ffentlichten Inhalten bei uns oder unseren Lizenzgebern. Vorbehaltlich der nachstehenden Lizenz sind alle Rechte an geistigem Eigentum vorbehalten. <\/p><\/div><div class=\"wp-block-stackable-heading stk-block-heading stk-block-heading--v2 stk-block stk-da8958b\" id=\"3-license-to-use-website\" data-block-id=\"da8958b\"><h2 class=\"stk-block-heading__text\">3. Nutzungslizenz f\u00fcr die Website<\/h2><\/div><div class=\"wp-block-stackable-text stk-block-text stk-block stk-d9e0450\" data-block-id=\"d9e0450\"><p class=\"stk-block-text__text\">Du darfst Seiten dieser Website ausschlie\u00dflich f\u00fcr deinen pers\u00f6nlichen Gebrauch ansehen, f\u00fcr Caching-Zwecke herunterladen und ausdrucken \u2013 vorbehaltlich der nachstehenden sowie an anderer Stelle in diesen Gesch\u00e4ftsbedingungen genannten Einschr\u00e4nkungen.<\/p><\/div><div class=\"wp-block-stackable-text stk-block-text stk-block stk-c257ece\" data-block-id=\"c257ece\"><p class=\"stk-block-text__text\">Du darfst keine Inhalte dieser Website erneut ver\u00f6ffentlichen (einschlie\u00dflich der Wiederver\u00f6ffentlichung auf einer anderen Website); keine Inhalte der Website verkaufen, vermieten oder unterlizenzieren; keine Inhalte \u00f6ffentlich zeigen; keine Inhalte unserer Website zu kommerziellen Zwecken vervielf\u00e4ltigen, kopieren oder anderweitig verwerten; keine Inhalte bearbeiten oder anderweitig ver\u00e4ndern; sowie keine Inhalte dieser Website weiterverbreiten \u2013 au\u00dfer bei Inhalten, die ausdr\u00fccklich und ausdr\u00fccklich zur Weiterverbreitung freigegeben wurden.<\/p><\/div><div class=\"wp-block-stackable-text stk-block-text stk-block stk-972b11c\" data-block-id=\"972b11c\"><p class=\"stk-block-text__text\">Sofern Inhalte ausdr\u00fccklich zur Weiterverbreitung freigegeben wurden, d\u00fcrfen sie ausschlie\u00dflich innerhalb deiner Organisation weiterverbreitet werden.<\/p><\/div><div class=\"wp-block-stackable-heading stk-block-heading stk-block-heading--v2 stk-block stk-cba09bf\" id=\"5-breaches-of-these-terms-and-conditions\" data-block-id=\"cba09bf\"><h2 class=\"stk-block-heading__text\">5. Verst\u00f6\u00dfe gegen diese Gesch\u00e4ftsbedingungen<\/h2><\/div><div class=\"wp-block-stackable-text stk-block-text stk-block stk-7df393a\" data-block-id=\"7df393a\"><p class=\"stk-block-text__text\">Unbeschadet unserer sonstigen Rechte aus diesen Gesch\u00e4ftsbedingungen<\/p><\/div><div class=\"wp-block-stackable-heading stk-block-heading stk-block-heading--v2 stk-block stk-e6a4291\" id=\"a-href-dila-pro-a\" data-block-id=\"e6a4291\"><h2 class=\"stk-block-heading__text\"><a href=\"\/\">DILA PRO<\/a><\/h2><\/div><div class=\"wp-block-stackable-text stk-block-text stk-block stk-0e78e32\" data-block-id=\"0e78e32\"><p class=\"stk-block-text__text\">Fahr Elektrisch. Fahr PRO.<br\/>Erfahre mehr \u00fcber unser aktualisiertes DILA Pro Modell mit integrierter Radnabenantriebstechnologie. <\/p><\/div><div class=\"wp-block-stackable-heading stk-block-heading stk-block-heading--v2 stk-block stk-691c062\" id=\"a-href-off-dila-off-a\" data-block-id=\"691c062\"><h2 class=\"stk-block-heading__text\"><a href=\"https:\/\/dilaboards.com\/de\/dila-off\/\">DILA OFF<\/a><\/h2><\/div><div class=\"wp-block-stackable-text stk-block-text stk-block stk-6939916\" data-block-id=\"6939916\"><p class=\"stk-block-text__text\">Jede Stra\u00dfe. Jedes Gel\u00e4nde.<br\/>Erfahre mehr \u00fcber unser neues hybrides DILA Off. <\/p><\/div><div class=\"wp-block-stackable-heading stk-block-heading stk-block-heading--v2 stk-block stk-db3b421\" id=\"a-href-repairs-repairs-a\" data-block-id=\"db3b421\"><h2 class=\"stk-block-heading__text\"><a href=\"https:\/\/dilaboards.com\/de\/reparaturen\/\">REPARATUREN<\/a><\/h2><\/div><div class=\"wp-block-stackable-text stk-block-text stk-block stk-94448a8\" data-block-id=\"94448a8\"><p class=\"stk-block-text__text\">Mach dir nie wieder Sorgen!<br\/>Plane und verfolge deine Reparatur mit unserem transparenten und unkomplizierten DILA Reparaturservice.<\/p><\/div>","protected":false},"excerpt":{"rendered":"<p>Allgemeine Gesch\u00e4ftsbedingungen 1. Einleitung Diese allgemeinen Website-Nutzungsbedingungen regeln die Nutzung unserer Website Dilaboards, die unter dilaboards.com erreichbar ist. Durch die Nutzung unserer Website akzeptierst du diese Gesch\u00e4ftsbedingungen in vollem Umfang. Wenn du mit diesen Bedingungen oder einem Teil davon nicht einverstanden bist, darfst du unsere Website nicht nutzen. 2. Geistige Eigentumsrechte Sofern nicht anders angegeben, [&hellip;]<\/p>\n","protected":false},"author":1,"featured_media":0,"parent":0,"menu_order":0,"comment_status":"closed","ping_status":"closed","template":"","meta":{"_gspb_post_css":"","footnotes":""},"class_list":["post-6576","page","type-page","status-publish","hentry"],"blocksy_meta":{"vertical_spacing_source":"custom","styles_descriptor":{"styles":{"desktop":"","tablet":"","mobile":""},"google_fonts":[],"version":6}},"_links":{"self":[{"href":"https:\/\/dilaboards.com\/de\/wp-json\/wp\/v2\/pages\/6576","targetHints":{"allow":["GET"]}}],"collection":[{"href":"https:\/\/dilaboards.com\/de\/wp-json\/wp\/v2\/pages"}],"about":[{"href":"https:\/\/dilaboards.com\/de\/wp-json\/wp\/v2\/types\/page"}],"author":[{"embeddable":true,"href":"https:\/\/dilaboards.com\/de\/wp-json\/wp\/v2\/users\/1"}],"replies":[{"embeddable":true,"href":"https:\/\/dilaboards.com\/de\/wp-json\/wp\/v2\/comments?post=6576"}],"version-history":[{"count":1,"href":"https:\/\/dilaboards.com\/de\/wp-json\/wp\/v2\/pages\/6576\/revisions"}],"predecessor-version":[{"id":6577,"href":"https:\/\/dilaboards.com\/de\/wp-json\/wp\/v2\/pages\/6576\/revisions\/6577"}],"wp:attachment":[{"href":"https:\/\/dilaboards.com\/de\/wp-json\/wp\/v2\/media?parent=6576"}],"curies":[{"name":"wp","href":"https:\/\/api.w.org\/{rel}","templated":true}]}}